{"id":405,"date":"2024-04-12T13:14:11","date_gmt":"2024-04-12T11:14:11","guid":{"rendered":"https:\/\/www.zenavtiesni.sk\/?page_id=405"},"modified":"2024-04-20T16:24:16","modified_gmt":"2024-04-20T14:24:16","slug":"contact-en","status":"publish","type":"page","link":"https:\/\/www.zenavtiesni.sk\/en\/contact-en\/","title":{"rendered":"Contact"},"content":{"rendered":"<div id=\"pl-405\"  class=\"panel-layout\" ><div id=\"pg-405-0\"  class=\"panel-grid panel-no-style\" ><div id=\"pgc-405-0-0\"  class=\"panel-grid-cell\" ><div id=\"panel-405-0-0-0\" class=\"so-panel widget widget_sow-editor panel-first-child panel-last-child\" data-index=\"0\" ><div\n\t\t\t\n\t\t\tclass=\"so-widget-sow-editor so-widget-sow-editor-base\"\n\t\t\t\n\t\t>\n<div class=\"siteorigin-widget-tinymce textwidget\">\n\t<h4 class=\"contact__info-box-title\">Contact Information:<\/h4>\n<table class=\"contact__info-table\">\n<tbody>\n<tr>\n<th>E-mail:<\/th>\n<td><a href=\"mailto:oz.zenavtiesni@gmail.com\" title=\"Mail \u017dena v tiesni\">oz.zenavtiesni@gmail.com<\/a><\/td>\n<\/tr>\n<tr>\n<th>Telephone:<\/th>\n<td><a href=\"tel:+421907346374\" title=\"Tel \u017dena v tiesni\">0907 346 374<\/a><\/td>\n<\/tr>\n<tr>\n<th>Address:<\/th>\n<td>P.O.BOX 70, 03601 Martin<\/td>\n<\/tr>\n<\/tbody>\n<\/table>\n<\/div>\n<\/div><\/div><\/div><div id=\"pgc-405-0-1\"  class=\"panel-grid-cell\" ><div id=\"panel-405-0-1-0\" class=\"so-panel widget widget_sow-editor panel-first-child panel-last-child\" data-index=\"1\" ><div\n\t\t\t\n\t\t\tclass=\"so-widget-sow-editor so-widget-sow-editor-base\"\n\t\t\t\n\t\t>\n<div class=\"siteorigin-widget-tinymce textwidget\">\n\t<h4 class=\"contact__info-box-title\">Billing information:<\/h4>\n<table class=\"organization-info-table\">\n<tbody>\n<tr>\n<th>Office:<\/th>\n<td>OZ \u017dena v tiesni<\/td>\n<\/tr>\n<tr>\n<th>Address:<\/th>\n<td>P. O. BOX 70, 036 01 Martin<\/td>\n<\/tr>\n<tr>\n<th>I\u010cO:<\/th>\n<td>37974581<\/td>\n<\/tr>\n<tr>\n<th>DI\u010c:<\/th>\n<td>2022071447<\/td>\n<\/tr>\n<\/tbody>\n<\/table>\n<\/div>\n<\/div><\/div><\/div><div id=\"pgc-405-0-2\"  class=\"panel-grid-cell\" ><div id=\"panel-405-0-2-0\" class=\"so-panel widget widget_sow-editor panel-first-child panel-last-child\" data-index=\"2\" ><div\n\t\t\t\n\t\t\tclass=\"so-widget-sow-editor so-widget-sow-editor-base\"\n\t\t\t\n\t\t>\n<div class=\"siteorigin-widget-tinymce textwidget\">\n\t<h4 class=\"contact__info-box-title\">Social networks:<\/h4>\n<div class=\"social-grid\"><a title=\"Facebook \u017dena v tiesni\" href=\"https:\/\/www.facebook.com\/ZENAVTIESNI\/\" target=\"_blank\" rel=\"noopener noreferrer\"><img loading=\"lazy\" decoding=\"async\" style=\"margin-right: 10px;\" src=\"\/wp-content\/uploads\/2024\/04\/facebook.png\" alt=\"Facebook \u017dena v tiesni\" width=\"40\" height=\"40\" \/><\/a><a title=\"Instagram \u017dena v tiesni\" href=\"https:\/\/www.instagram.com\/zenavtiesni\/\" target=\"_blank\" rel=\"noopener noreferrer\"><img loading=\"lazy\" decoding=\"async\" style=\"margin-right: 10px;\" src=\"\/wp-content\/uploads\/2024\/04\/instagram.png\" alt=\"Instagram \u017dena v tiesni\" width=\"40\" height=\"40\" \/><\/a><\/div>\n<\/div>\n<\/div><\/div><\/div><\/div><\/div>","protected":false},"excerpt":{"rendered":"<p>Contact Information: E-mail: oz.zenavtiesni@gmail.com Telephone: 0907 346 374 Address: P.O.BOX 70, 03601 Martin Billing information: Office: OZ \u017dena v tiesni Address: P. O. BOX 70, 036 01 Martin I\u010cO: 37974581 DI\u010c: 2022071447 Social networks:<\/p>","protected":false},"author":1,"featured_media":0,"parent":0,"menu_order":0,"comment_status":"closed","ping_status":"closed","template":"","meta":{"footnotes":""},"class_list":["post-405","page","type-page","status-publish","hentry","post"],"yoast_head":"<!-- This site is optimized with the Yoast SEO plugin v27.5 - https:\/\/yoast.com\/product\/yoast-seo-wordpress\/ -->\n<title>Contact - \u017dena v tiesni<\/title>\n<meta name=\"robots\" content=\"index, follow, max-snippet:-1, max-image-preview:large, max-video-preview:-1\" \/>\n<link rel=\"canonical\" href=\"https:\/\/www.zenavtiesni.sk\/en\/contact-en\/\" \/>\n<meta property=\"og:locale\" content=\"en_GB\" \/>\n<meta property=\"og:type\" content=\"article\" \/>\n<meta property=\"og:title\" content=\"Contact - \u017dena v tiesni\" \/>\n<meta property=\"og:description\" content=\"Contact Information: E-mail: oz.zenavtiesni@gmail.com Telephone: 0907 346 374 Address: P.O.BOX 70, 03601 Martin Billing information: Office: OZ \u017dena v tiesni Address: P. O. BOX 70, 036 01 Martin I\u010cO: 37974581 DI\u010c: 2022071447 Social networks:\" \/>\n<meta property=\"og:url\" content=\"https:\/\/www.zenavtiesni.sk\/en\/contact-en\/\" \/>\n<meta property=\"og:site_name\" content=\"\u017dena v tiesni\" \/>\n<meta property=\"article:modified_time\" content=\"2024-04-20T14:24:16+00:00\" \/>\n<meta name=\"twitter:card\" content=\"summary_large_image\" \/>\n<meta name=\"twitter:label1\" content=\"Estimated reading time\" \/>\n\t<meta name=\"twitter:data1\" content=\"1 minute\" \/>\n<script type=\"application\/ld+json\" class=\"yoast-schema-graph\">{\"@context\":\"https:\\\/\\\/schema.org\",\"@graph\":[{\"@type\":\"WebPage\",\"@id\":\"https:\\\/\\\/www.zenavtiesni.sk\\\/en\\\/contact-en\\\/\",\"url\":\"https:\\\/\\\/www.zenavtiesni.sk\\\/en\\\/contact-en\\\/\",\"name\":\"Contact - \u017dena v tiesni\",\"isPartOf\":{\"@id\":\"https:\\\/\\\/www.zenavtiesni.sk\\\/en\\\/#website\"},\"datePublished\":\"2024-04-12T11:14:11+00:00\",\"dateModified\":\"2024-04-20T14:24:16+00:00\",\"breadcrumb\":{\"@id\":\"https:\\\/\\\/www.zenavtiesni.sk\\\/en\\\/contact-en\\\/#breadcrumb\"},\"inLanguage\":\"en-GB\",\"potentialAction\":[{\"@type\":\"ReadAction\",\"target\":[\"https:\\\/\\\/www.zenavtiesni.sk\\\/en\\\/contact-en\\\/\"]}]},{\"@type\":\"BreadcrumbList\",\"@id\":\"https:\\\/\\\/www.zenavtiesni.sk\\\/en\\\/contact-en\\\/#breadcrumb\",\"itemListElement\":[{\"@type\":\"ListItem\",\"position\":1,\"name\":\"Domov\",\"item\":\"https:\\\/\\\/www.zenavtiesni.sk\\\/en\\\/home\\\/\"},{\"@type\":\"ListItem\",\"position\":2,\"name\":\"Contact\"}]},{\"@type\":\"WebSite\",\"@id\":\"https:\\\/\\\/www.zenavtiesni.sk\\\/en\\\/#website\",\"url\":\"https:\\\/\\\/www.zenavtiesni.sk\\\/en\\\/\",\"name\":\"\u017dena v tiesni\",\"description\":\"\",\"potentialAction\":[{\"@type\":\"SearchAction\",\"target\":{\"@type\":\"EntryPoint\",\"urlTemplate\":\"https:\\\/\\\/www.zenavtiesni.sk\\\/en\\\/?s={search_term_string}\"},\"query-input\":{\"@type\":\"PropertyValueSpecification\",\"valueRequired\":true,\"valueName\":\"search_term_string\"}}],\"inLanguage\":\"en-GB\"}]}<\/script>\n<!-- \/ Yoast SEO plugin. -->","yoast_head_json":{"title":"Contact - \u017dena v tiesni","robots":{"index":"index","follow":"follow","max-snippet":"max-snippet:-1","max-image-preview":"max-image-preview:large","max-video-preview":"max-video-preview:-1"},"canonical":"https:\/\/www.zenavtiesni.sk\/en\/contact-en\/","og_locale":"en_GB","og_type":"article","og_title":"Contact - \u017dena v tiesni","og_description":"Contact Information: E-mail: oz.zenavtiesni@gmail.com Telephone: 0907 346 374 Address: P.O.BOX 70, 03601 Martin Billing information: Office: OZ \u017dena v tiesni Address: P. O. BOX 70, 036 01 Martin I\u010cO: 37974581 DI\u010c: 2022071447 Social networks:","og_url":"https:\/\/www.zenavtiesni.sk\/en\/contact-en\/","og_site_name":"\u017dena v tiesni","article_modified_time":"2024-04-20T14:24:16+00:00","twitter_card":"summary_large_image","twitter_misc":{"Estimated reading time":"1 minute"},"schema":{"@context":"https:\/\/schema.org","@graph":[{"@type":"WebPage","@id":"https:\/\/www.zenavtiesni.sk\/en\/contact-en\/","url":"https:\/\/www.zenavtiesni.sk\/en\/contact-en\/","name":"Contact - \u017dena v tiesni","isPartOf":{"@id":"https:\/\/www.zenavtiesni.sk\/en\/#website"},"datePublished":"2024-04-12T11:14:11+00:00","dateModified":"2024-04-20T14:24:16+00:00","breadcrumb":{"@id":"https:\/\/www.zenavtiesni.sk\/en\/contact-en\/#breadcrumb"},"inLanguage":"en-GB","potentialAction":[{"@type":"ReadAction","target":["https:\/\/www.zenavtiesni.sk\/en\/contact-en\/"]}]},{"@type":"BreadcrumbList","@id":"https:\/\/www.zenavtiesni.sk\/en\/contact-en\/#breadcrumb","itemListElement":[{"@type":"ListItem","position":1,"name":"Domov","item":"https:\/\/www.zenavtiesni.sk\/en\/home\/"},{"@type":"ListItem","position":2,"name":"Contact"}]},{"@type":"WebSite","@id":"https:\/\/www.zenavtiesni.sk\/en\/#website","url":"https:\/\/www.zenavtiesni.sk\/en\/","name":"\u017dena v tiesni","description":"","potentialAction":[{"@type":"SearchAction","target":{"@type":"EntryPoint","urlTemplate":"https:\/\/www.zenavtiesni.sk\/en\/?s={search_term_string}"},"query-input":{"@type":"PropertyValueSpecification","valueRequired":true,"valueName":"search_term_string"}}],"inLanguage":"en-GB"}]}},"_links":{"self":[{"href":"https:\/\/www.zenavtiesni.sk\/en\/wp-json\/wp\/v2\/pages\/405","targetHints":{"allow":["GET"]}}],"collection":[{"href":"https:\/\/www.zenavtiesni.sk\/en\/wp-json\/wp\/v2\/pages"}],"about":[{"href":"https:\/\/www.zenavtiesni.sk\/en\/wp-json\/wp\/v2\/types\/page"}],"author":[{"embeddable":true,"href":"https:\/\/www.zenavtiesni.sk\/en\/wp-json\/wp\/v2\/users\/1"}],"replies":[{"embeddable":true,"href":"https:\/\/www.zenavtiesni.sk\/en\/wp-json\/wp\/v2\/comments?post=405"}],"version-history":[{"count":0,"href":"https:\/\/www.zenavtiesni.sk\/en\/wp-json\/wp\/v2\/pages\/405\/revisions"}],"wp:attachment":[{"href":"https:\/\/www.zenavtiesni.sk\/en\/wp-json\/wp\/v2\/media?parent=405"}],"curies":[{"name":"wp","href":"https:\/\/api.w.org\/{rel}","templated":true}]}}