{"id":611,"date":"2024-04-20T17:41:19","date_gmt":"2024-04-20T15:41:19","guid":{"rendered":"https:\/\/www.zenavtiesni.sk\/?page_id=611"},"modified":"2024-06-06T09:36:03","modified_gmt":"2024-06-06T07:36:03","slug":"the-womens-rights-are-human-rights-campaign-en","status":"publish","type":"page","link":"https:\/\/www.zenavtiesni.sk\/en\/the-womens-rights-are-human-rights-campaign-en\/","title":{"rendered":"The Women`s Rights are Human Rights campaign"},"content":{"rendered":"<div id=\"pl-611\"  class=\"panel-layout\" ><div id=\"pg-611-0\"  class=\"panel-grid panel-no-style\" ><div id=\"pgc-611-0-0\"  class=\"panel-grid-cell\" ><div id=\"panel-611-0-0-0\" class=\"so-panel widget widget_sow-editor panel-first-child panel-last-child\" data-index=\"0\" ><div\n\t\t\t\n\t\t\tclass=\"so-widget-sow-editor so-widget-sow-editor-base\"\n\t\t\t\n\t\t>\n<div class=\"siteorigin-widget-tinymce textwidget\">\n\t<div class=\"position-relative\">\n<div class=\"row\">\n<div class=\"col-sm-12 col-md-12 col-lg-12 col-xl-12\">\n<p>The atmosphere in society is influenced by different groups of people who threaten women`s fundamental rights. We know that many women are at risk of poverty, trafficking in women, pay inequalities, but also persistent gender stereotypes. That is why we have decided to organize this campaign, which is aimed at raising public awareness, preventing gender equality. The Women`s Rights is a human rights campaign will be a space for a different perspective on the role of women and men, daughters and sons, mothers and fathers, employees. We will dedicate a special space to Romani women, who have less access to information than women from the majority.<\/p>\n<p>&gt;<br \/>\nThe project is supported under the Domestic and Gender-Based Violence program co-financed by the Norway grants and the state budget of the Slovak Republic.<\/p>\n<\/div>\n<\/div>\n<\/div>\n<\/div>\n<\/div><\/div><\/div><\/div><div id=\"pg-611-1\"  class=\"panel-grid panel-no-style\" ><div id=\"pgc-611-1-0\"  class=\"panel-grid-cell panel-grid-cell-mobile-last\" ><div id=\"panel-611-1-0-0\" class=\"so-panel widget widget_siteorigin-panels-embedded-video panel-first-child\" data-index=\"1\" >\t\t<div class=\"siteorigin-fitvids\"><iframe loading=\"lazy\" title=\"Rodov\u00e1 rovnos\u0165 - o.z. \u017dena v tiesni\" width=\"720\" height=\"405\" src=\"https:\/\/www.youtube.com\/embed\/DZeRx1_JMLQ?feature=oembed\" frameborder=\"0\" allow=\"accelerometer; autoplay; clipboard-write; encrypted-media; gyroscope; picture-in-picture; web-share\" referrerpolicy=\"strict-origin-when-cross-origin\" allowfullscreen><\/iframe><\/div>\n\t\t<\/div><div id=\"panel-611-1-0-1\" class=\"so-panel widget widget_siteorigin-panels-embedded-video\" data-index=\"2\" >\t\t<div class=\"siteorigin-fitvids\"><iframe loading=\"lazy\" title=\"P\u00e1r na gau\u010di - Rodov\u00e1 rovnos\u0165 - o.z. \u017dena v tiesni\" width=\"720\" height=\"405\" src=\"https:\/\/www.youtube.com\/embed\/NHGZwmRTYvE?feature=oembed\" frameborder=\"0\" allow=\"accelerometer; autoplay; clipboard-write; encrypted-media; gyroscope; picture-in-picture; web-share\" referrerpolicy=\"strict-origin-when-cross-origin\" allowfullscreen><\/iframe><\/div>\n\t\t<\/div><div id=\"panel-611-1-0-2\" class=\"so-panel widget widget_siteorigin-panels-embedded-video\" data-index=\"3\" >\t\t<div class=\"siteorigin-fitvids\"><iframe loading=\"lazy\" title=\"Upratovanie - Rodov\u00e1 rovnos\u0165 - o.z. \u017dena v tiesni\" width=\"720\" height=\"405\" src=\"https:\/\/www.youtube.com\/embed\/kDdkPKZAh6g?feature=oembed\" frameborder=\"0\" allow=\"accelerometer; autoplay; clipboard-write; encrypted-media; gyroscope; picture-in-picture; web-share\" referrerpolicy=\"strict-origin-when-cross-origin\" allowfullscreen><\/iframe><\/div>\n\t\t<\/div><div id=\"panel-611-1-0-3\" class=\"so-panel widget widget_siteorigin-panels-embedded-video panel-last-child\" data-index=\"4\" >\t\t<div class=\"siteorigin-fitvids\"><iframe loading=\"lazy\" title=\"P\u00e1r na gau\u010di - Rodov\u00e1 rovnos\u0165 - o.z. \u017dena v tiesni\" width=\"720\" height=\"405\" src=\"https:\/\/www.youtube.com\/embed\/NHGZwmRTYvE?feature=oembed\" frameborder=\"0\" allow=\"accelerometer; autoplay; clipboard-write; encrypted-media; gyroscope; picture-in-picture; web-share\" referrerpolicy=\"strict-origin-when-cross-origin\" allowfullscreen><\/iframe><\/div>\n\t\t<\/div><\/div><div id=\"pgc-611-1-1\"  class=\"panel-grid-cell panel-grid-cell-empty\" ><\/div><\/div><\/div>","protected":false},"excerpt":{"rendered":"<p>The atmosphere in society is influenced by different groups of people who threaten women`s fundamental rights. We know that many women are at risk of poverty, trafficking in women, pay inequalities, but also persistent gender stereotypes. That is why we have decided to organize this campaign, which is aimed at raising public awareness, preventing gender [&hellip;]<\/p>\n","protected":false},"author":1,"featured_media":0,"parent":0,"menu_order":0,"comment_status":"closed","ping_status":"closed","template":"","meta":{"footnotes":""},"class_list":["post-611","page","type-page","status-publish","hentry","post"],"yoast_head":"<!-- This site is optimized with the Yoast SEO plugin v27.5 - https:\/\/yoast.com\/product\/yoast-seo-wordpress\/ -->\n<title>The Women`s Rights are Human Rights campaign - \u017dena v tiesni<\/title>\n<meta name=\"robots\" content=\"index, follow, max-snippet:-1, max-image-preview:large, max-video-preview:-1\" \/>\n<link rel=\"canonical\" href=\"https:\/\/www.zenavtiesni.sk\/en\/the-womens-rights-are-human-rights-campaign-en\/\" \/>\n<meta property=\"og:locale\" content=\"en_GB\" \/>\n<meta property=\"og:type\" content=\"article\" \/>\n<meta property=\"og:title\" content=\"The Women`s Rights are Human Rights campaign - \u017dena v tiesni\" \/>\n<meta property=\"og:description\" content=\"The atmosphere in society is influenced by different groups of people who threaten women`s fundamental rights. We know that many women are at risk of poverty, trafficking in women, pay inequalities, but also persistent gender stereotypes. That is why we have decided to organize this campaign, which is aimed at raising public awareness, preventing gender [&hellip;]\" \/>\n<meta property=\"og:url\" content=\"https:\/\/www.zenavtiesni.sk\/en\/the-womens-rights-are-human-rights-campaign-en\/\" \/>\n<meta property=\"og:site_name\" content=\"\u017dena v tiesni\" \/>\n<meta property=\"article:modified_time\" content=\"2024-06-06T07:36:03+00:00\" \/>\n<meta name=\"twitter:card\" content=\"summary_large_image\" \/>\n<meta name=\"twitter:label1\" content=\"Estimated reading time\" \/>\n\t<meta name=\"twitter:data1\" content=\"1 minute\" \/>\n<script type=\"application\/ld+json\" class=\"yoast-schema-graph\">{\"@context\":\"https:\\\/\\\/schema.org\",\"@graph\":[{\"@type\":\"WebPage\",\"@id\":\"https:\\\/\\\/www.zenavtiesni.sk\\\/en\\\/the-womens-rights-are-human-rights-campaign-en\\\/\",\"url\":\"https:\\\/\\\/www.zenavtiesni.sk\\\/en\\\/the-womens-rights-are-human-rights-campaign-en\\\/\",\"name\":\"The Women`s Rights are Human Rights campaign - \u017dena v tiesni\",\"isPartOf\":{\"@id\":\"https:\\\/\\\/www.zenavtiesni.sk\\\/en\\\/#website\"},\"datePublished\":\"2024-04-20T15:41:19+00:00\",\"dateModified\":\"2024-06-06T07:36:03+00:00\",\"breadcrumb\":{\"@id\":\"https:\\\/\\\/www.zenavtiesni.sk\\\/en\\\/the-womens-rights-are-human-rights-campaign-en\\\/#breadcrumb\"},\"inLanguage\":\"en-GB\",\"potentialAction\":[{\"@type\":\"ReadAction\",\"target\":[\"https:\\\/\\\/www.zenavtiesni.sk\\\/en\\\/the-womens-rights-are-human-rights-campaign-en\\\/\"]}]},{\"@type\":\"BreadcrumbList\",\"@id\":\"https:\\\/\\\/www.zenavtiesni.sk\\\/en\\\/the-womens-rights-are-human-rights-campaign-en\\\/#breadcrumb\",\"itemListElement\":[{\"@type\":\"ListItem\",\"position\":1,\"name\":\"Domov\",\"item\":\"https:\\\/\\\/www.zenavtiesni.sk\\\/en\\\/home\\\/\"},{\"@type\":\"ListItem\",\"position\":2,\"name\":\"The Women`s Rights are Human Rights campaign\"}]},{\"@type\":\"WebSite\",\"@id\":\"https:\\\/\\\/www.zenavtiesni.sk\\\/en\\\/#website\",\"url\":\"https:\\\/\\\/www.zenavtiesni.sk\\\/en\\\/\",\"name\":\"\u017dena v tiesni\",\"description\":\"\",\"potentialAction\":[{\"@type\":\"SearchAction\",\"target\":{\"@type\":\"EntryPoint\",\"urlTemplate\":\"https:\\\/\\\/www.zenavtiesni.sk\\\/en\\\/?s={search_term_string}\"},\"query-input\":{\"@type\":\"PropertyValueSpecification\",\"valueRequired\":true,\"valueName\":\"search_term_string\"}}],\"inLanguage\":\"en-GB\"}]}<\/script>\n<!-- \/ Yoast SEO plugin. -->","yoast_head_json":{"title":"The Women`s Rights are Human Rights campaign - \u017dena v tiesni","robots":{"index":"index","follow":"follow","max-snippet":"max-snippet:-1","max-image-preview":"max-image-preview:large","max-video-preview":"max-video-preview:-1"},"canonical":"https:\/\/www.zenavtiesni.sk\/en\/the-womens-rights-are-human-rights-campaign-en\/","og_locale":"en_GB","og_type":"article","og_title":"The Women`s Rights are Human Rights campaign - \u017dena v tiesni","og_description":"The atmosphere in society is influenced by different groups of people who threaten women`s fundamental rights. We know that many women are at risk of poverty, trafficking in women, pay inequalities, but also persistent gender stereotypes. That is why we have decided to organize this campaign, which is aimed at raising public awareness, preventing gender [&hellip;]","og_url":"https:\/\/www.zenavtiesni.sk\/en\/the-womens-rights-are-human-rights-campaign-en\/","og_site_name":"\u017dena v tiesni","article_modified_time":"2024-06-06T07:36:03+00:00","twitter_card":"summary_large_image","twitter_misc":{"Estimated reading time":"1 minute"},"schema":{"@context":"https:\/\/schema.org","@graph":[{"@type":"WebPage","@id":"https:\/\/www.zenavtiesni.sk\/en\/the-womens-rights-are-human-rights-campaign-en\/","url":"https:\/\/www.zenavtiesni.sk\/en\/the-womens-rights-are-human-rights-campaign-en\/","name":"The Women`s Rights are Human Rights campaign - \u017dena v tiesni","isPartOf":{"@id":"https:\/\/www.zenavtiesni.sk\/en\/#website"},"datePublished":"2024-04-20T15:41:19+00:00","dateModified":"2024-06-06T07:36:03+00:00","breadcrumb":{"@id":"https:\/\/www.zenavtiesni.sk\/en\/the-womens-rights-are-human-rights-campaign-en\/#breadcrumb"},"inLanguage":"en-GB","potentialAction":[{"@type":"ReadAction","target":["https:\/\/www.zenavtiesni.sk\/en\/the-womens-rights-are-human-rights-campaign-en\/"]}]},{"@type":"BreadcrumbList","@id":"https:\/\/www.zenavtiesni.sk\/en\/the-womens-rights-are-human-rights-campaign-en\/#breadcrumb","itemListElement":[{"@type":"ListItem","position":1,"name":"Domov","item":"https:\/\/www.zenavtiesni.sk\/en\/home\/"},{"@type":"ListItem","position":2,"name":"The Women`s Rights are Human Rights campaign"}]},{"@type":"WebSite","@id":"https:\/\/www.zenavtiesni.sk\/en\/#website","url":"https:\/\/www.zenavtiesni.sk\/en\/","name":"\u017dena v tiesni","description":"","potentialAction":[{"@type":"SearchAction","target":{"@type":"EntryPoint","urlTemplate":"https:\/\/www.zenavtiesni.sk\/en\/?s={search_term_string}"},"query-input":{"@type":"PropertyValueSpecification","valueRequired":true,"valueName":"search_term_string"}}],"inLanguage":"en-GB"}]}},"_links":{"self":[{"href":"https:\/\/www.zenavtiesni.sk\/en\/wp-json\/wp\/v2\/pages\/611","targetHints":{"allow":["GET"]}}],"collection":[{"href":"https:\/\/www.zenavtiesni.sk\/en\/wp-json\/wp\/v2\/pages"}],"about":[{"href":"https:\/\/www.zenavtiesni.sk\/en\/wp-json\/wp\/v2\/types\/page"}],"author":[{"embeddable":true,"href":"https:\/\/www.zenavtiesni.sk\/en\/wp-json\/wp\/v2\/users\/1"}],"replies":[{"embeddable":true,"href":"https:\/\/www.zenavtiesni.sk\/en\/wp-json\/wp\/v2\/comments?post=611"}],"version-history":[{"count":1,"href":"https:\/\/www.zenavtiesni.sk\/en\/wp-json\/wp\/v2\/pages\/611\/revisions"}],"predecessor-version":[{"id":1128,"href":"https:\/\/www.zenavtiesni.sk\/en\/wp-json\/wp\/v2\/pages\/611\/revisions\/1128"}],"wp:attachment":[{"href":"https:\/\/www.zenavtiesni.sk\/en\/wp-json\/wp\/v2\/media?parent=611"}],"curies":[{"name":"wp","href":"https:\/\/api.w.org\/{rel}","templated":true}]}}