{"id":746,"date":"2024-04-28T11:42:58","date_gmt":"2024-04-28T09:42:58","guid":{"rendered":"https:\/\/www.zenavtiesni.sk\/?page_id=746"},"modified":"2024-06-06T09:18:41","modified_gmt":"2024-06-06T07:18:41","slug":"branch-office-in-ruzomberok-dgv02015-en","status":"publish","type":"page","link":"https:\/\/www.zenavtiesni.sk\/en\/branch-office-in-ruzomberok-dgv02015-en\/","title":{"rendered":"New office in Ru\u017eomberok"},"content":{"rendered":"<div id=\"pl-746\"  class=\"panel-layout\" ><div id=\"pg-746-0\"  class=\"panel-grid panel-no-style\" ><div id=\"pgc-746-0-0\"  class=\"panel-grid-cell\" ><div id=\"panel-746-0-0-0\" class=\"so-panel widget widget_sow-editor panel-first-child panel-last-child\" data-index=\"0\" ><div\n\t\t\t\n\t\t\tclass=\"so-widget-sow-editor so-widget-sow-editor-base\"\n\t\t\t\n\t\t>\n<div class=\"siteorigin-widget-tinymce textwidget\">\n\t<p>The goal of opening a branch of the counseling center OZ \u017dENA V TIESNI is to increase the availability of help for women experiencing violence in the Liptovsk\u00fd region. More than 14,487 women live in Ru\u017eomberok. According to calculations based on research, roughly 2,900 women experience violence from their partner or husband in Ru\u017eomberok. In 2021, we recorded 9% of new clients from Ru\u017eomberok in our counseling office.<\/p>\n<p>Counseling center in Ru\u017eomberok will provide a full range of support and protection, e.g. information, advice, practical help, accompanying to courts, legal assistance, social and psychological advice. Comprehensive specialized counseling in the counseling center in Ru\u017eomberok will be provided on an outpatient basis, by telephone and online. The services provided will be free, anonymous and confidential.<\/p>\n<p>The partner of the project is a civil association MyMamy <a href=\"https:\/\/www.mymamy.sk\/kontakt\/\" target=\"_blank\" rel=\"noopener\">https:\/\/www.mymamy.sk\/kontakt\/<\/a>, which will provide counseling in the Pre\u0161ov Region as part of the Safe Way from Violence project.<\/p>\n<p>The project is supported within the Domestic and Gender-Based Violence program co-financed by the Norway grants and the Slovak state budget.<\/p>\n<\/div>\n<\/div><\/div><\/div><\/div><\/div>","protected":false},"excerpt":{"rendered":"<p>The goal of opening a branch of the counseling center OZ \u017dENA V TIESNI is to increase the availability of help for women experiencing violence in the Liptovsk\u00fd region. More than 14,487 women live in Ru\u017eomberok. According to calculations based on research, roughly 2,900 women experience violence from their partner or husband in Ru\u017eomberok. In [&hellip;]<\/p>\n","protected":false},"author":1,"featured_media":0,"parent":0,"menu_order":0,"comment_status":"closed","ping_status":"closed","template":"","meta":{"footnotes":""},"class_list":["post-746","page","type-page","status-publish","hentry","post"],"yoast_head":"<!-- This site is optimized with the Yoast SEO plugin v27.5 - https:\/\/yoast.com\/product\/yoast-seo-wordpress\/ -->\n<title>New office in Ru\u017eomberok - \u017dena v tiesni<\/title>\n<meta name=\"robots\" content=\"index, follow, max-snippet:-1, max-image-preview:large, max-video-preview:-1\" \/>\n<link rel=\"canonical\" href=\"https:\/\/www.zenavtiesni.sk\/en\/branch-office-in-ruzomberok-dgv02015-en\/\" \/>\n<meta property=\"og:locale\" content=\"en_GB\" \/>\n<meta property=\"og:type\" content=\"article\" \/>\n<meta property=\"og:title\" content=\"New office in Ru\u017eomberok - \u017dena v tiesni\" \/>\n<meta property=\"og:description\" content=\"The goal of opening a branch of the counseling center OZ \u017dENA V TIESNI is to increase the availability of help for women experiencing violence in the Liptovsk\u00fd region. More than 14,487 women live in Ru\u017eomberok. According to calculations based on research, roughly 2,900 women experience violence from their partner or husband in Ru\u017eomberok. In [&hellip;]\" \/>\n<meta property=\"og:url\" content=\"https:\/\/www.zenavtiesni.sk\/en\/branch-office-in-ruzomberok-dgv02015-en\/\" \/>\n<meta property=\"og:site_name\" content=\"\u017dena v tiesni\" \/>\n<meta property=\"article:modified_time\" content=\"2024-06-06T07:18:41+00:00\" \/>\n<meta name=\"twitter:card\" content=\"summary_large_image\" \/>\n<meta name=\"twitter:label1\" content=\"Estimated reading time\" \/>\n\t<meta name=\"twitter:data1\" content=\"1 minute\" \/>\n<script type=\"application\/ld+json\" class=\"yoast-schema-graph\">{\"@context\":\"https:\\\/\\\/schema.org\",\"@graph\":[{\"@type\":\"WebPage\",\"@id\":\"https:\\\/\\\/www.zenavtiesni.sk\\\/en\\\/branch-office-in-ruzomberok-dgv02015-en\\\/\",\"url\":\"https:\\\/\\\/www.zenavtiesni.sk\\\/en\\\/branch-office-in-ruzomberok-dgv02015-en\\\/\",\"name\":\"New office in Ru\u017eomberok - \u017dena v tiesni\",\"isPartOf\":{\"@id\":\"https:\\\/\\\/www.zenavtiesni.sk\\\/en\\\/#website\"},\"datePublished\":\"2024-04-28T09:42:58+00:00\",\"dateModified\":\"2024-06-06T07:18:41+00:00\",\"breadcrumb\":{\"@id\":\"https:\\\/\\\/www.zenavtiesni.sk\\\/en\\\/branch-office-in-ruzomberok-dgv02015-en\\\/#breadcrumb\"},\"inLanguage\":\"en-GB\",\"potentialAction\":[{\"@type\":\"ReadAction\",\"target\":[\"https:\\\/\\\/www.zenavtiesni.sk\\\/en\\\/branch-office-in-ruzomberok-dgv02015-en\\\/\"]}]},{\"@type\":\"BreadcrumbList\",\"@id\":\"https:\\\/\\\/www.zenavtiesni.sk\\\/en\\\/branch-office-in-ruzomberok-dgv02015-en\\\/#breadcrumb\",\"itemListElement\":[{\"@type\":\"ListItem\",\"position\":1,\"name\":\"Domov\",\"item\":\"https:\\\/\\\/www.zenavtiesni.sk\\\/en\\\/home\\\/\"},{\"@type\":\"ListItem\",\"position\":2,\"name\":\"New office in Ru\u017eomberok\"}]},{\"@type\":\"WebSite\",\"@id\":\"https:\\\/\\\/www.zenavtiesni.sk\\\/en\\\/#website\",\"url\":\"https:\\\/\\\/www.zenavtiesni.sk\\\/en\\\/\",\"name\":\"\u017dena v tiesni\",\"description\":\"\",\"potentialAction\":[{\"@type\":\"SearchAction\",\"target\":{\"@type\":\"EntryPoint\",\"urlTemplate\":\"https:\\\/\\\/www.zenavtiesni.sk\\\/en\\\/?s={search_term_string}\"},\"query-input\":{\"@type\":\"PropertyValueSpecification\",\"valueRequired\":true,\"valueName\":\"search_term_string\"}}],\"inLanguage\":\"en-GB\"}]}<\/script>\n<!-- \/ Yoast SEO plugin. -->","yoast_head_json":{"title":"New office in Ru\u017eomberok - \u017dena v tiesni","robots":{"index":"index","follow":"follow","max-snippet":"max-snippet:-1","max-image-preview":"max-image-preview:large","max-video-preview":"max-video-preview:-1"},"canonical":"https:\/\/www.zenavtiesni.sk\/en\/branch-office-in-ruzomberok-dgv02015-en\/","og_locale":"en_GB","og_type":"article","og_title":"New office in Ru\u017eomberok - \u017dena v tiesni","og_description":"The goal of opening a branch of the counseling center OZ \u017dENA V TIESNI is to increase the availability of help for women experiencing violence in the Liptovsk\u00fd region. More than 14,487 women live in Ru\u017eomberok. According to calculations based on research, roughly 2,900 women experience violence from their partner or husband in Ru\u017eomberok. In [&hellip;]","og_url":"https:\/\/www.zenavtiesni.sk\/en\/branch-office-in-ruzomberok-dgv02015-en\/","og_site_name":"\u017dena v tiesni","article_modified_time":"2024-06-06T07:18:41+00:00","twitter_card":"summary_large_image","twitter_misc":{"Estimated reading time":"1 minute"},"schema":{"@context":"https:\/\/schema.org","@graph":[{"@type":"WebPage","@id":"https:\/\/www.zenavtiesni.sk\/en\/branch-office-in-ruzomberok-dgv02015-en\/","url":"https:\/\/www.zenavtiesni.sk\/en\/branch-office-in-ruzomberok-dgv02015-en\/","name":"New office in Ru\u017eomberok - \u017dena v tiesni","isPartOf":{"@id":"https:\/\/www.zenavtiesni.sk\/en\/#website"},"datePublished":"2024-04-28T09:42:58+00:00","dateModified":"2024-06-06T07:18:41+00:00","breadcrumb":{"@id":"https:\/\/www.zenavtiesni.sk\/en\/branch-office-in-ruzomberok-dgv02015-en\/#breadcrumb"},"inLanguage":"en-GB","potentialAction":[{"@type":"ReadAction","target":["https:\/\/www.zenavtiesni.sk\/en\/branch-office-in-ruzomberok-dgv02015-en\/"]}]},{"@type":"BreadcrumbList","@id":"https:\/\/www.zenavtiesni.sk\/en\/branch-office-in-ruzomberok-dgv02015-en\/#breadcrumb","itemListElement":[{"@type":"ListItem","position":1,"name":"Domov","item":"https:\/\/www.zenavtiesni.sk\/en\/home\/"},{"@type":"ListItem","position":2,"name":"New office in Ru\u017eomberok"}]},{"@type":"WebSite","@id":"https:\/\/www.zenavtiesni.sk\/en\/#website","url":"https:\/\/www.zenavtiesni.sk\/en\/","name":"\u017dena v tiesni","description":"","potentialAction":[{"@type":"SearchAction","target":{"@type":"EntryPoint","urlTemplate":"https:\/\/www.zenavtiesni.sk\/en\/?s={search_term_string}"},"query-input":{"@type":"PropertyValueSpecification","valueRequired":true,"valueName":"search_term_string"}}],"inLanguage":"en-GB"}]}},"_links":{"self":[{"href":"https:\/\/www.zenavtiesni.sk\/en\/wp-json\/wp\/v2\/pages\/746","targetHints":{"allow":["GET"]}}],"collection":[{"href":"https:\/\/www.zenavtiesni.sk\/en\/wp-json\/wp\/v2\/pages"}],"about":[{"href":"https:\/\/www.zenavtiesni.sk\/en\/wp-json\/wp\/v2\/types\/page"}],"author":[{"embeddable":true,"href":"https:\/\/www.zenavtiesni.sk\/en\/wp-json\/wp\/v2\/users\/1"}],"replies":[{"embeddable":true,"href":"https:\/\/www.zenavtiesni.sk\/en\/wp-json\/wp\/v2\/comments?post=746"}],"version-history":[{"count":3,"href":"https:\/\/www.zenavtiesni.sk\/en\/wp-json\/wp\/v2\/pages\/746\/revisions"}],"predecessor-version":[{"id":1118,"href":"https:\/\/www.zenavtiesni.sk\/en\/wp-json\/wp\/v2\/pages\/746\/revisions\/1118"}],"wp:attachment":[{"href":"https:\/\/www.zenavtiesni.sk\/en\/wp-json\/wp\/v2\/media?parent=746"}],"curies":[{"name":"wp","href":"https:\/\/api.w.org\/{rel}","templated":true}]}}